{"id":1454,"date":"2015-06-29T10:20:22","date_gmt":"2015-06-29T08:20:22","guid":{"rendered":"http:\/\/www.jugendsozialarbeit-evangelisch.de\/?page_id=1454"},"modified":"2015-11-10T16:35:25","modified_gmt":"2015-11-10T14:35:25","slug":"angebote-fuer-maedchen-und-angebote-fuer-jungen","status":"publish","type":"page","link":"https:\/\/www.jugendsozialarbeit-evangelisch.de\/sf\/kinder-und-jugendhaeuser\/angebote-fuer-maedchen-und-angebote-fuer-jungen\/","title":{"rendered":"Angebote f\u00fcr M\u00e4dchen und Angebote f\u00fcr Jungen"},"content":{"rendered":"<p class=\"qtranxs-available-languages-message qtranxs-available-languages-message-sf\">Leider ist der Eintrag nur auf <a href=\"https:\/\/www.jugendsozialarbeit-evangelisch.de\/de\/wp-json\/wp\/v2\/pages\/1454\" class=\"qtranxs-available-language-link qtranxs-available-language-link-de\" title=\"Deutsch\">Deutsch<\/a> verf\u00fcgbar.<\/p>","protected":false},"excerpt":{"rendered":"<p>Leider ist der Eintrag nur auf Deutsch verf\u00fcgbar.<\/p>\n","protected":false},"author":5,"featured_media":1166,"parent":1408,"menu_order":0,"comment_status":"open","ping_status":"open","template":"","meta":{"_acf_changed":false,"footnotes":""},"class_list":["post-1454","page","type-page","status-publish","has-post-thumbnail","hentry"],"acf":[],"_links":{"self":[{"href":"https:\/\/www.jugendsozialarbeit-evangelisch.de\/sf\/wp-json\/wp\/v2\/pages\/1454","targetHints":{"allow":["GET"]}}],"collection":[{"href":"https:\/\/www.jugendsozialarbeit-evangelisch.de\/sf\/wp-json\/wp\/v2\/pages"}],"about":[{"href":"https:\/\/www.jugendsozialarbeit-evangelisch.de\/sf\/wp-json\/wp\/v2\/types\/page"}],"author":[{"embeddable":true,"href":"https:\/\/www.jugendsozialarbeit-evangelisch.de\/sf\/wp-json\/wp\/v2\/users\/5"}],"replies":[{"embeddable":true,"href":"https:\/\/www.jugendsozialarbeit-evangelisch.de\/sf\/wp-json\/wp\/v2\/comments?post=1454"}],"version-history":[{"count":5,"href":"https:\/\/www.jugendsozialarbeit-evangelisch.de\/sf\/wp-json\/wp\/v2\/pages\/1454\/revisions"}],"predecessor-version":[{"id":2016,"href":"https:\/\/www.jugendsozialarbeit-evangelisch.de\/sf\/wp-json\/wp\/v2\/pages\/1454\/revisions\/2016"}],"up":[{"embeddable":true,"href":"https:\/\/www.jugendsozialarbeit-evangelisch.de\/sf\/wp-json\/wp\/v2\/pages\/1408"}],"wp:featuredmedia":[{"embeddable":true,"href":"https:\/\/www.jugendsozialarbeit-evangelisch.de\/sf\/wp-json\/wp\/v2\/media\/1166"}],"wp:attachment":[{"href":"https:\/\/www.jugendsozialarbeit-evangelisch.de\/sf\/wp-json\/wp\/v2\/media?parent=1454"}],"curies":[{"name":"wp","href":"https:\/\/api.w.org\/{rel}","templated":true}]}}