{"id":60,"date":"2014-10-23T14:59:35","date_gmt":"2014-10-23T12:59:35","guid":{"rendered":"http:\/\/www.jugendsozialarbeit-evangelisch.de\/?page_id=60"},"modified":"2023-06-15T11:22:45","modified_gmt":"2023-06-15T10:22:45","slug":"geschaeftsstelle","status":"publish","type":"page","link":"https:\/\/www.jugendsozialarbeit-evangelisch.de\/sf\/ueber-uns\/wer-wir-sind\/geschaeftsstelle\/","title":{"rendered":"Gesch\u00e4ftsstelle"},"content":{"rendered":"<p><\/p>\n<p>Gesch\u00e4ftsstelle<\/p>\n<p><\/p>\n<p>Gesch\u00e4ftsstelle<\/p>\n<p><\/p>\n<p>Gesch\u00e4ftsstelle<\/p>\n<p>Gesch\u00e4ftsstelle<\/p>\n<p><\/p>\n<p>Gesch\u00e4ftsstelle<\/p>\n<p>Gesch\u00e4ftsstelle<\/p>\n<p>Gesch\u00e4ftsstelle<\/p>\n<p>Gesch\u00e4ftsstelle<\/p>\n<p><\/p>\n<p>Gesch\u00e4ftsstelle<\/p>\n<p>Gesch\u00e4ftsstelle<\/p>\n<p>Gesch\u00e4ftsstelle<\/p>\n<p>Gesch\u00e4ftsstelle<\/p>\n<p>Gesch\u00e4ftsstelle<\/p>\n<p>Gesch\u00e4ftsstelle<\/p>\n<p>Gesch\u00e4ftsstelle<\/p>\n<p>Gesch\u00e4ftsstelle<\/p>\n<p><\/p>\n<p>Gesch\u00e4ftsstelle<\/p>\n<p>Gesch\u00e4ftsstelle<\/p>\n<p>Gesch\u00e4ftsstelle<\/p>\n<p>Gesch\u00e4ftsstelle<\/p>\n<p>Gesch\u00e4ftsstelle<\/p>\n<p>Gesch\u00e4ftsstelle<\/p>\n<p>Gesch\u00e4ftsstelle<\/p>\n<p>Gesch\u00e4ftsstelle<\/p>\n<p>Gesch\u00e4ftsstelle<\/p>\n<p>Gesch\u00e4ftsstelle<\/p>\n<p>Gesch\u00e4ftsstelle<\/p>\n<p>Gesch\u00e4ftsstelle<\/p>\n<p>Gesch\u00e4ftsstelle<\/p>\n<p>Gesch\u00e4ftsstelle<\/p>\n<p>Gesch\u00e4ftsstelle<\/p>\n<p>Gesch\u00e4ftsstelle<\/p>\n<p><\/p>\n<p>Gesch\u00e4ftsstelle<\/p>\n<p>Gesch\u00e4ftsstelle<\/p>\n<p>Gesch\u00e4ftsstelle<\/p>\n<p>Gesch\u00e4ftsstelle<\/p>\n<p>Gesch\u00e4ftsstelle<\/p>\n<p>Gesch\u00e4ftsstelle<\/p>\n<p>Gesch\u00e4ftsstelle<\/p>\n<p>Gesch\u00e4ftsstelle<\/p>\n<p>Gesch\u00e4ftsstelle<\/p>\n<p>Gesch\u00e4ftsstelle<\/p>\n<p>Gesch\u00e4ftsstelle<\/p>\n<p>Gesch\u00e4ftsstelle<\/p>\n<p>Gesch\u00e4ftsstelle<\/p>\n<p>Gesch\u00e4ftsstelle<\/p>\n<p>Gesch\u00e4ftsstelle<\/p>\n<p>Gesch\u00e4ftsstelle<\/p>\n<p>Gesch\u00e4ftsstelle<\/p>\n<p>Gesch\u00e4ftsstelle<\/p>\n<p>Gesch\u00e4ftsstelle<\/p>\n<p>Gesch\u00e4ftsstelle<\/p>\n<p>Gesch\u00e4ftsstelle<\/p>\n<p>Gesch\u00e4ftsstelle<\/p>\n<p>Gesch\u00e4ftsstelle<\/p>\n<p>Gesch\u00e4ftsstelle<\/p>\n<p>Gesch\u00e4ftsstelle<\/p>\n<p>Gesch\u00e4ftsstelle<\/p>\n<p>Gesch\u00e4ftsstelle<\/p>\n<p>Gesch\u00e4ftsstelle<\/p>\n<p>Gesch\u00e4ftsstelle<\/p>\n<p>Gesch\u00e4ftsstelle<\/p>\n<p>Gesch\u00e4ftsstelle<\/p>\n<p>Gesch\u00e4ftsstelle<\/p>\n<p><\/p>\n<p>Gesch\u00e4ftsstelle<\/p>\n<p>Gesch\u00e4ftsstelle<\/p>\n<p>Gesch\u00e4ftsstelle<\/p>\n<p>Gesch\u00e4ftsstelle<\/p>\n<p>Gesch\u00e4ftsstelle<\/p>\n<p>Gesch\u00e4ftsstelle<\/p>\n<p>Gesch\u00e4ftsstelle<\/p>\n<p>Gesch\u00e4ftsstelle<\/p>\n<p>Gesch\u00e4ftsstelle<\/p>\n<p>Gesch\u00e4ftsstelle<\/p>\n<p>Gesch\u00e4ftsstelle<\/p>\n<p>Gesch\u00e4ftsstelle<\/p>\n<p>Gesch\u00e4ftsstelle<\/p>\n<p>Gesch\u00e4ftsstelle<\/p>\n<p>Gesch\u00e4ftsstelle<\/p>\n<p>Gesch\u00e4ftsstelle<\/p>\n<p>Gesch\u00e4ftsstelle<\/p>\n<p>Gesch\u00e4ftsstelle<\/p>\n<p>Gesch\u00e4ftsstelle<\/p>\n<p>Gesch\u00e4ftsstelle<\/p>\n<p>Gesch\u00e4ftsstelle<\/p>\n<p>Gesch\u00e4ftsstelle<\/p>\n<p>Gesch\u00e4ftsstelle<\/p>\n<p>Gesch\u00e4ftsstelle<\/p>\n<p>Gesch\u00e4ftsstelle<\/p>\n<p>Gesch\u00e4ftsstelle<\/p>\n<p>Gesch\u00e4ftsstelle<\/p>\n<p>Gesch\u00e4ftsstelle<\/p>\n<p>Gesch\u00e4ftsstelle<\/p>\n<p>Gesch\u00e4ftsstelle<\/p>\n<p>Gesch\u00e4ftsstelle<\/p>\n<p>Gesch\u00e4ftsstelle<\/p>\n<p>Gesch\u00e4ftsstelle<\/p>\n<p>Gesch\u00e4ftsstelle<\/p>\n<p>Gesch\u00e4ftsstelle<\/p>\n<p>Gesch\u00e4ftsstelle<\/p>\n<p>Gesch\u00e4ftsstelle<\/p>\n<p>Gesch\u00e4ftsstelle<\/p>\n<p>Gesch\u00e4ftsstelle<\/p>\n<p>Gesch\u00e4ftsstelle<\/p>\n<p>Gesch\u00e4ftsstelle<\/p>\n<p>Gesch\u00e4ftsstelle<\/p>\n<p>Gesch\u00e4ftsstelle<\/p>\n<p>Gesch\u00e4ftsstelle<\/p>\n<p>Gesch\u00e4ftsstelle<\/p>\n<p>Gesch\u00e4ftsstelle<\/p>\n<p>Gesch\u00e4ftsstelle<\/p>\n<p>Gesch\u00e4ftsstelle<\/p>\n<p>Gesch\u00e4ftsstelle<\/p>\n<p>Gesch\u00e4ftsstelle<\/p>\n<p>Gesch\u00e4ftsstelle<\/p>\n<p>Gesch\u00e4ftsstelle<\/p>\n<p>Gesch\u00e4ftsstelle<\/p>\n<p>Gesch\u00e4ftsstelle<\/p>\n<p>Gesch\u00e4ftsstelle<\/p>\n<p>Gesch\u00e4ftsstelle<\/p>\n<p>Gesch\u00e4ftsstelle<\/p>\n<p>Gesch\u00e4ftsstelle<\/p>\n<p>Gesch\u00e4ftsstelle<\/p>\n<p>Gesch\u00e4ftsstelle<\/p>\n<p>Gesch\u00e4ftsstelle<\/p>\n<p>Gesch\u00e4ftsstelle<\/p>\n<p>Gesch\u00e4ftsstelle<\/p>\n<p>Gesch\u00e4ftsstelle<\/p>\n<p><\/p>\n<p>Gesch\u00e4ftsstelle<\/p>\n<p>Gesch\u00e4ftsstelle<\/p>\n<p>Gesch\u00e4ftsstelle<\/p>\n<p>Gesch\u00e4ftsstelle<\/p>\n<p>Gesch\u00e4ftsstelle<\/p>\n<p>Gesch\u00e4ftsstelle<\/p>\n<p>Gesch\u00e4ftsstelle<\/p>\n<p>Gesch\u00e4ftsstelle<\/p>\n<p>Gesch\u00e4ftsstelle<\/p>\n<p>Gesch\u00e4ftsstelle<\/p>\n<p>Gesch\u00e4ftsstelle<\/p>\n<p>Gesch\u00e4ftsstelle<\/p>\n<p>Gesch\u00e4ftsstelle<\/p>\n<p>Gesch\u00e4ftsstelle<\/p>\n<p>Gesch\u00e4ftsstelle<\/p>\n<p>Gesch\u00e4ftsstelle<\/p>\n<p>Gesch\u00e4ftsstelle<\/p>\n<p>Gesch\u00e4ftsstelle<\/p>\n<p>Gesch\u00e4ftsstelle<\/p>\n<p>Gesch\u00e4ftsstelle<\/p>\n<p>Gesch\u00e4ftsstelle<\/p>\n<p>Gesch\u00e4ftsstelle<\/p>\n<p>Gesch\u00e4ftsstelle<\/p>\n<p>Gesch\u00e4ftsstelle<\/p>\n<p>Gesch\u00e4ftsstelle<\/p>\n<p>Gesch\u00e4ftsstelle<\/p>\n<p>Gesch\u00e4ftsstelle<\/p>\n<p>Gesch\u00e4ftsstelle<\/p>\n<p>Gesch\u00e4ftsstelle<\/p>\n<p>Gesch\u00e4ftsstelle<\/p>\n<p>Gesch\u00e4ftsstelle<\/p>\n<p>Gesch\u00e4ftsstelle<\/p>\n<p>Gesch\u00e4ftsstelle<\/p>\n<p>Gesch\u00e4ftsstelle<\/p>\n<p>Gesch\u00e4ftsstelle<\/p>\n<p>Gesch\u00e4ftsstelle<\/p>\n<p>Gesch\u00e4ftsstelle<\/p>\n<p>Gesch\u00e4ftsstelle<\/p>\n<p>Gesch\u00e4ftsstelle<\/p>\n<p>Gesch\u00e4ftsstelle<\/p>\n<p>Gesch\u00e4ftsstelle<\/p>\n<p>Gesch\u00e4ftsstelle<\/p>\n<p>Gesch\u00e4ftsstelle<\/p>\n<p>Gesch\u00e4ftsstelle<\/p>\n<p>Gesch\u00e4ftsstelle<\/p>\n<p>Gesch\u00e4ftsstelle<\/p>\n<p>Gesch\u00e4ftsstelle<\/p>\n<p>Gesch\u00e4ftsstelle<\/p>\n<p>Gesch\u00e4ftsstelle<\/p>\n<p>Gesch\u00e4ftsstelle<\/p>\n<p>Gesch\u00e4ftsstelle<\/p>\n<p>Gesch\u00e4ftsstelle<\/p>\n<p>Gesch\u00e4ftsstelle<\/p>\n<p>Gesch\u00e4ftsstelle<\/p>\n<p>Gesch\u00e4ftsstelle<\/p>\n<p>Gesch\u00e4ftsstelle<\/p>\n<p>Gesch\u00e4ftsstelle<\/p>\n<p>Gesch\u00e4ftsstelle<\/p>\n<p>Gesch\u00e4ftsstelle<\/p>\n<p>Gesch\u00e4ftsstelle<\/p>\n<p>Gesch\u00e4ftsstelle<\/p>\n<p>Gesch\u00e4ftsstelle<\/p>\n<p>Gesch\u00e4ftsstelle<\/p>\n<p>Gesch\u00e4ftsstelle<\/p>\n<p>Gesch\u00e4ftsstelle<\/p>\n<p>Gesch\u00e4ftsstelle<\/p>\n<p>Gesch\u00e4ftsstelle<\/p>\n<p>Gesch\u00e4ftsstelle<\/p>\n<p>Gesch\u00e4ftsstelle<\/p>\n<p>Gesch\u00e4ftsstelle<\/p>\n<p>Gesch\u00e4ftsstelle<\/p>\n<p>Gesch\u00e4ftsstelle<\/p>\n<p>Gesch\u00e4ftsstelle<\/p>\n<p>Gesch\u00e4ftsstelle<\/p>\n<p>Gesch\u00e4ftsstelle<\/p>\n<p>Gesch\u00e4ftsstelle<\/p>\n<p>Gesch\u00e4ftsstelle<\/p>\n<p>Gesch\u00e4ftsstelle<\/p>\n<p>Gesch\u00e4ftsstelle<\/p>\n<p>Gesch\u00e4ftsstelle<\/p>\n<p>Gesch\u00e4ftsstelle<\/p>\n<p>Gesch\u00e4ftsstelle<\/p>\n<p>Gesch\u00e4ftsstelle<\/p>\n<p>Gesch\u00e4ftsstelle<\/p>\n<p>Gesch\u00e4ftsstelle<\/p>\n<p>Gesch\u00e4ftsstelle<\/p>\n<p>Gesch\u00e4ftsstelle<\/p>\n<p>Gesch\u00e4ftsstelle<\/p>\n<p>Gesch\u00e4ftsstelle<\/p>\n<p>Gesch\u00e4ftsstelle<\/p>\n<p>Gesch\u00e4ftsstelle<\/p>\n<p>Gesch\u00e4ftsstelle<\/p>\n<p>Gesch\u00e4ftsstelle<\/p>\n<p>Gesch\u00e4ftsstelle<\/p>\n<p>Gesch\u00e4ftsstelle<\/p>\n<p>Gesch\u00e4ftsstelle<\/p>\n<p>Gesch\u00e4ftsstelle<\/p>\n<p>Gesch\u00e4ftsstelle<\/p>\n<p>Gesch\u00e4ftsstelle<\/p>\n<p>Gesch\u00e4ftsstelle<\/p>\n<p>Gesch\u00e4ftsstelle<\/p>\n<p>Gesch\u00e4ftsstelle<\/p>\n<p>Gesch\u00e4ftsstelle<\/p>\n<p>Gesch\u00e4ftsstelle<\/p>\n<p>Gesch\u00e4ftsstelle<\/p>\n<p>Gesch\u00e4ftsstelle<\/p>\n<p>Gesch\u00e4ftsstelle<\/p>\n<p>Gesch\u00e4ftsstelle<\/p>\n<p>Gesch\u00e4ftsstelle<\/p>\n<p>Gesch\u00e4ftsstelle<\/p>\n<p>Gesch\u00e4ftsstelle<\/p>\n<p>Gesch\u00e4ftsstelle<\/p>\n<p>Gesch\u00e4ftsstelle<\/p>\n<p>Gesch\u00e4ftsstelle<\/p>\n<p>Gesch\u00e4ftsstelle<\/p>\n<p>Gesch\u00e4ftsstelle<\/p>\n<p>Gesch\u00e4ftsstelle<\/p>\n<p>Gesch\u00e4ftsstelle<\/p>\n<p>Gesch\u00e4ftsstelle<\/p>\n<p>Gesch\u00e4ftsstelle<\/p>\n<p>Gesch\u00e4ftsstelle<\/p>\n<p>Gesch\u00e4ftsstelle<\/p>\n<p>Gesch\u00e4ftsstelle<\/p>\n<p>Gesch\u00e4ftsstelle<\/p>\n<p>Gesch\u00e4ftsstelle<\/p>\n<p>Gesch\u00e4ftsstelle<\/p>\n<p>Gesch\u00e4ftsstelle<\/p>\n<p><p>Gesch\u00e4ftsstelle<\/p>\n<\/p>\n<p><\/p>","protected":false},"excerpt":{"rendered":"<p>Gesch\u00e4ftsstelle Gesch\u00e4ftsstelle Gesch\u00e4ftsstelle Gesch\u00e4ftsstelle Gesch\u00e4ftsstelle Gesch\u00e4ftsstelle Gesch\u00e4ftsstelle Gesch\u00e4ftsstelle Gesch\u00e4ftsstelle Gesch\u00e4ftsstelle Gesch\u00e4ftsstelle Gesch\u00e4ftsstelle Gesch\u00e4ftsstelle Gesch\u00e4ftsstelle Gesch\u00e4ftsstelle&#8230; <\/p>\n<div class=\"weiterlesen\"><a class=\"read-more\" href=\"https:\/\/www.jugendsozialarbeit-evangelisch.de\/sf\/ueber-uns\/wer-wir-sind\/geschaeftsstelle\/\">\u203a Weiterlesen<\/a><\/div>\n","protected":false},"author":5,"featured_media":1167,"parent":54,"menu_order":34,"comment_status":"open","ping_status":"closed","template":"","meta":{"_acf_changed":false,"footnotes":""},"class_list":["post-60","page","type-page","status-publish","has-post-thumbnail","hentry"],"acf":[],"_links":{"self":[{"href":"https:\/\/www.jugendsozialarbeit-evangelisch.de\/sf\/wp-json\/wp\/v2\/pages\/60","targetHints":{"allow":["GET"]}}],"collection":[{"href":"https:\/\/www.jugendsozialarbeit-evangelisch.de\/sf\/wp-json\/wp\/v2\/pages"}],"about":[{"href":"https:\/\/www.jugendsozialarbeit-evangelisch.de\/sf\/wp-json\/wp\/v2\/types\/page"}],"author":[{"embeddable":true,"href":"https:\/\/www.jugendsozialarbeit-evangelisch.de\/sf\/wp-json\/wp\/v2\/users\/5"}],"replies":[{"embeddable":true,"href":"https:\/\/www.jugendsozialarbeit-evangelisch.de\/sf\/wp-json\/wp\/v2\/comments?post=60"}],"version-history":[{"count":37,"href":"https:\/\/www.jugendsozialarbeit-evangelisch.de\/sf\/wp-json\/wp\/v2\/pages\/60\/revisions"}],"predecessor-version":[{"id":9820,"href":"https:\/\/www.jugendsozialarbeit-evangelisch.de\/sf\/wp-json\/wp\/v2\/pages\/60\/revisions\/9820"}],"up":[{"embeddable":true,"href":"https:\/\/www.jugendsozialarbeit-evangelisch.de\/sf\/wp-json\/wp\/v2\/pages\/54"}],"wp:featuredmedia":[{"embeddable":true,"href":"https:\/\/www.jugendsozialarbeit-evangelisch.de\/sf\/wp-json\/wp\/v2\/media\/1167"}],"wp:attachment":[{"href":"https:\/\/www.jugendsozialarbeit-evangelisch.de\/sf\/wp-json\/wp\/v2\/media?parent=60"}],"curies":[{"name":"wp","href":"https:\/\/api.w.org\/{rel}","templated":true}]}}